{"id":4441,"date":"2023-01-20T16:02:21","date_gmt":"2023-01-20T16:02:21","guid":{"rendered":"https:\/\/surfandfriends.com\/surf-and-friends-bed-and-breakfast\/"},"modified":"2023-11-02T12:57:46","modified_gmt":"2023-11-02T12:57:46","slug":"surf-and-friends-lit-et-petit-dejeuner","status":"publish","type":"page","link":"https:\/\/surfandfriends.com\/fr\/surf-and-friends-lit-et-petit-dejeuner\/","title":{"rendered":"Surf And Friends &#8211; Lit et petit d\u00e9jeuner"},"content":{"rendered":"<section class=\"wpb-content-wrapper\"><p>[vc_row enable_surfer_icon=\u00a0\u00bbno\u00a0\u00bb][vc_column]\n\t\t\t\t<p class=\"rs-p-wp-fix\"><\/p>\n\t\t\t\t<sr7-module data-alias=\"saf-home-1\" data-id=\"14\" id=\"SR7_14_1\" class=\"rs-ov-hidden\" data-version=\"6.7.31\">\n\t\t\t\t\t<sr7-adjuster><\/sr7-adjuster>\n\t\t\t\t\t<sr7-content>\n\t\t\t\t\t\t<sr7-slide id=\"SR7_14_1-50\" data-key=\"50\">\n\t\t\t\t\t\t\t<sr7-bg id=\"SR7_14_1-50-12\" class=\"sr7-layer\"><noscript><img data-recalc-dims=\"1\" decoding=\"async\" src=\"https:\/\/i0.wp.com\/surfandfriends.com\/wp-content\/uploads\/2023\/01\/DSCF6122.webp?w=1100&#038;ssl=1\" alt=\"Tamraght surf house\" title=\"DSCF6122\"><\/noscript><\/sr7-bg>\n\t\t\t\t\t\t\t<sr7-txt id=\"SR7_14_1-50-6\" class=\"sr7-layer\">S\u00e9jour dans notre lodge avec<br \/>\nvue sur la baie de Taghazout<\/sr7-txt>\n\t\t\t\t\t\t\t<sr7-txt id=\"SR7_14_1-50-7\" class=\"sr7-layer\">Lorem ipsum dolor sit amet, consectetur adipisicing elit, sed do eiusmod tempor incididunt ut labore et dolore magna aliqu minim veniam.<\/sr7-txt>\n\t\t\t\t\t\t\t<sr7-txt id=\"SR7_14_1-50-11\" class=\"sr7-layer\" srscsrc><a itemprop=\"url\" href=\"https:\/\/surf-friends-agadir.bookinglayer.com\/fr\" target=\"_self\" style=\"color: #ffffff;border-color: #ffffff\" class=\"qodef-btn qodef-btn-medium qodef-btn-outline qodef-btn-custom-hover-bg qodef-btn-custom-border-hover qodef-btn-custom-hover-color qodef-btn-wave-hover\" data-hover-color=\"#000000\" data-hover-bg-color=\"#ffffff\" data-hover-border-color=\"#ffffff\" >\n        <span class=\"qodef-btn-text\">Reste chez nous<\/span>\n            <span class=\"qodef-btn-wave-holder\" style=\"background-image: url(&quot;data:image\/svg+xml,%3Csvg xmlns=&#039;http:\/\/www.w3.org\/2000\/svg&#039; x=&#039;0px&#039; y=&#039;0px&#039; width=&#039;172px&#039; height=&#039;126px&#039; viewBox=&#039;0 0 172 125.7&#039; enable-background=&#039;0 0 172 125.7&#039; xml:space=&#039;preserve&#039; %3E%3Cpath fill=&#039;%23ffffff&#039; d=&#039;M173,22.7c-33.9,0-44.7-14.1-88.4-14.1c-43.6,0-54.5,14.1-86,14.1V126l174.4-0.3C173,125.7,173,28.7,173,22.7z&#039;\/%3E%3C\/svg%3E&quot;)\" ><\/span>\n        <\/a><\/sr7-txt>\n\t\t\t\t\t\t<\/sr7-slide>\n\t\t\t\t\t\t<sr7-slide id=\"SR7_14_1-51\" data-key=\"51\">\n\t\t\t\t\t\t\t<sr7-bg id=\"SR7_14_1-51-21\" class=\"sr7-layer\"><noscript><img data-recalc-dims=\"1\" decoding=\"async\" src=\"https:\/\/i0.wp.com\/surfandfriends.com\/wp-content\/uploads\/2023\/01\/DSCF5951.webp?w=1100&#038;ssl=1\" alt=\"Surf lodge taghazout\" title=\"DSCF5951\"><\/noscript><\/sr7-bg>\n\t\t\t\t\t\t\t<sr7-txt id=\"SR7_14_1-51-18\" class=\"sr7-layer\" srscsrc><a itemprop=\"url\" href=\"https:\/\/surf-friends-agadir.bookinglayer.com\/fr\" target=\"_self\" style=\"color: #ffffff;border-color: #ffffff\" class=\"qodef-btn qodef-btn-medium qodef-btn-outline qodef-btn-custom-hover-bg qodef-btn-custom-border-hover qodef-btn-custom-hover-color qodef-btn-wave-hover\" data-hover-color=\"#000000\" data-hover-bg-color=\"#ffffff\" data-hover-border-color=\"#ffffff\" >\n        <span class=\"qodef-btn-text\">Reste chez nous<\/span>\n            <span class=\"qodef-btn-wave-holder\" style=\"background-image: url(&quot;data:image\/svg+xml,%3Csvg xmlns=&#039;http:\/\/www.w3.org\/2000\/svg&#039; x=&#039;0px&#039; y=&#039;0px&#039; width=&#039;172px&#039; height=&#039;126px&#039; viewBox=&#039;0 0 172 125.7&#039; enable-background=&#039;0 0 172 125.7&#039; xml:space=&#039;preserve&#039; %3E%3Cpath fill=&#039;%23ffffff&#039; d=&#039;M173,22.7c-33.9,0-44.7-14.1-88.4-14.1c-43.6,0-54.5,14.1-86,14.1V126l174.4-0.3C173,125.7,173,28.7,173,22.7z&#039;\/%3E%3C\/svg%3E&quot;)\" ><\/span>\n        <\/a><\/sr7-txt>\n\t\t\t\t\t\t\t<sr7-txt id=\"SR7_14_1-51-19\" class=\"sr7-layer\">Lorem ipsum dolor sit amet, consectetur adipisicing elit, sed do eiusmod tempor incididunt ut labore et dolore magna aliqu minim veniam.<\/sr7-txt>\n\t\t\t\t\t\t\t<sr7-txt id=\"SR7_14_1-51-20\" class=\"sr7-layer\">S\u00e9jour dans notre lodge avec<br \/>\nvue sur la baie de Taghazout<\/sr7-txt>\n\t\t\t\t\t\t<\/sr7-slide>\n\t\t\t\t\t\t<sr7-slide id=\"SR7_14_1-52\" data-key=\"52\">\n\t\t\t\t\t\t\t<sr7-bg id=\"SR7_14_1-52-24\" class=\"sr7-layer\"><noscript><img data-recalc-dims=\"1\" decoding=\"async\" src=\"https:\/\/i0.wp.com\/surfandfriends.com\/wp-content\/uploads\/2023\/01\/DSCF5909.webp?w=1100&#038;ssl=1\" alt=\"Surf camp\" title=\"DSCF5909\"><\/noscript><\/sr7-bg>\n\t\t\t\t\t\t\t<sr7-txt id=\"SR7_14_1-52-21\" class=\"sr7-layer\" srscsrc><a itemprop=\"url\" href=\"https:\/\/surf-friends-agadir.bookinglayer.com\/fr\" target=\"_self\" style=\"color: #ffffff;border-color: #ffffff\" class=\"qodef-btn qodef-btn-medium qodef-btn-outline qodef-btn-custom-hover-bg qodef-btn-custom-border-hover qodef-btn-custom-hover-color qodef-btn-wave-hover\" data-hover-color=\"#000000\" data-hover-bg-color=\"#ffffff\" data-hover-border-color=\"#ffffff\" >\n        <span class=\"qodef-btn-text\">Reste chez nous<\/span>\n            <span class=\"qodef-btn-wave-holder\" style=\"background-image: url(&quot;data:image\/svg+xml,%3Csvg xmlns=&#039;http:\/\/www.w3.org\/2000\/svg&#039; x=&#039;0px&#039; y=&#039;0px&#039; width=&#039;172px&#039; height=&#039;126px&#039; viewBox=&#039;0 0 172 125.7&#039; enable-background=&#039;0 0 172 125.7&#039; xml:space=&#039;preserve&#039; %3E%3Cpath fill=&#039;%23ffffff&#039; d=&#039;M173,22.7c-33.9,0-44.7-14.1-88.4-14.1c-43.6,0-54.5,14.1-86,14.1V126l174.4-0.3C173,125.7,173,28.7,173,22.7z&#039;\/%3E%3C\/svg%3E&quot;)\" ><\/span>\n        <\/a><\/sr7-txt>\n\t\t\t\t\t\t\t<sr7-txt id=\"SR7_14_1-52-22\" class=\"sr7-layer\">Lorem ipsum dolor sit amet, consectetur adipisicing elit, sed do eiusmod tempor incididunt ut labore et dolore magna aliqu minim veniam.<\/sr7-txt>\n\t\t\t\t\t\t\t<sr7-txt id=\"SR7_14_1-52-23\" class=\"sr7-layer\">S\u00e9jour dans notre lodge avec<br \/>\nvue sur la baie de Taghazout<\/sr7-txt>\n\t\t\t\t\t\t<\/sr7-slide>\n\t\t\t\t\t\t<sr7-slide id=\"SR7_14_1-69\" data-key=\"69\">\n\t\t\t\t\t\t<\/sr7-slide>\n\t\t\t\t\t<\/sr7-content>\n\t\t\t\t\t<image_lists style=\"display:none\">\n\t\t\t\t\t\t<img data-src=\"\/\/surfandfriends.com\/wp-content\/uploads\/2023\/02\/DSCF5912-scaled.webp\" data-libid=\"3702\" data-lib=\"medialibrary\" alt=\"surf lodge\" title=\"DSCF5912\" width=\"0\" height=\"0\" data-dbsrc=\"Ly9zdXJmYW5kZnJpZW5kcy5jb20vd3AtY29udGVudC91cGxvYWRzLzIwMjMvMDIvRFNDRjU5MTItc2NhbGVkLndlYnA=\"\/>\n\t\t\t\t\t\t<img data-src=\"\/\/surfandfriends.com\/wp-content\/uploads\/2023\/01\/DSCF5909.webp\" data-libid=\"3662\" data-lib=\"medialibrary\" alt=\"Surf camp\" title=\"DSCF5909\" width=\"0\" height=\"0\" data-dbsrc=\"Ly9zdXJmYW5kZnJpZW5kcy5jb20vd3AtY29udGVudC91cGxvYWRzLzIwMjMvMDEvRFNDRjU5MDkud2VicA==\"\/>\n\t\t\t\t\t\t<img data-src=\"\/\/surfandfriends.com\/wp-content\/uploads\/2023\/02\/DSCF5947-scaled.webp\" data-libid=\"3700\" data-lib=\"medialibrary\" alt=\"Beach Bed\" title=\"DSCF5947\" width=\"0\" height=\"0\" data-dbsrc=\"Ly9zdXJmYW5kZnJpZW5kcy5jb20vd3AtY29udGVudC91cGxvYWRzLzIwMjMvMDIvRFNDRjU5NDctc2NhbGVkLndlYnA=\"\/>\n\t\t\t\t\t\t<img loading=\"lazy\" data-src=\"\/\/surfandfriends.com\/wp-content\/uploads\/2023\/01\/DSCF5951.webp\" data-libid=\"3663\" data-lib=\"medialibrary\" alt=\"Surf lodge taghazout\" title=\"DSCF5951\" width=\"0\" height=\"0\" data-dbsrc=\"Ly9zdXJmYW5kZnJpZW5kcy5jb20vd3AtY29udGVudC91cGxvYWRzLzIwMjMvMDEvRFNDRjU5NTEud2VicA==\"\/>\n\t\t\t\t\t\t<img loading=\"lazy\" data-src=\"\/\/surfandfriends.com\/wp-content\/uploads\/2023\/02\/DSCF6119-scaled.webp\" data-libid=\"3699\" data-lib=\"medialibrary\" alt=\"Surfcamp taghazout\" title=\"DSCF6119\" width=\"0\" height=\"0\" data-dbsrc=\"Ly9zdXJmYW5kZnJpZW5kcy5jb20vd3AtY29udGVudC91cGxvYWRzLzIwMjMvMDIvRFNDRjYxMTktc2NhbGVkLndlYnA=\"\/>\n\t\t\t\t\t\t<img loading=\"lazy\" data-src=\"\/\/surfandfriends.com\/wp-content\/uploads\/2023\/01\/DSCF6122.webp\" data-libid=\"3661\" data-lib=\"medialibrary\" alt=\"Tamraght surf house\" title=\"DSCF6122\" width=\"0\" height=\"0\" data-dbsrc=\"Ly9zdXJmYW5kZnJpZW5kcy5jb20vd3AtY29udGVudC91cGxvYWRzLzIwMjMvMDEvRFNDRjYxMjIud2VicA==\"\/>\n\t\t\t\t\t<\/image_lists>\n\t\t\t\t<\/sr7-module>\n\t\t\t\t<script>\n\t\t\t\t\tSR7.PMH ??={}; SR7.PMH[\"SR7_14_1\"] = {cn:100,state:false,fn: function() { if (_tpt!==undefined && _tpt.prepareModuleHeight !== undefined) {  _tpt.prepareModuleHeight({id:\"SR7_14_1\",el:[1080,1080,900,800,500],type:'standard',shdw:'0',gh:[1080,1080,900,800,500],gw:[1920,1920,1100,600,300],vpt:['-200px&#039;,&#039;-200px&#039;,&#039;-200px&#039;,&#039;-200px&#039;,&#039;-200px'],size:{fullWidth:true, fullHeight:true},fho:'',mh:'0',onh:0,onw:0,bg:{color:'{\"orig\":\"transparent\",\"type\":\"solid\",\"string\":\"transparent\"}'}});   SR7.PMH[\"SR7_14_1\"].state=true;} else if(SR7.PMH[\"SR7_14_1\"].cn-->0)\tsetTimeout( SR7.PMH[\"SR7_14_1\"].fn,19);}};SR7.PMH[\"SR7_14_1\" ].fn();\n\t\t\t\t<\/script>\n[\/vc_column][\/vc_row][vc_row enable_surfer_icon=\u00a0\u00bbyes\u00a0\u00bb css=\u00a0\u00bb.vc_custom_1671917320918{padding-top: 89px !important;background-position: center !important;background-repeat: no-repeat !important;background-size: cover !important;}\u00a0\u00bb][vc_column]<div class=\"qodef-elements-holder   qodef-one-column  qodef-responsive-mode-768 \" ><div class=\"qodef-eh-item    \"  data-item-class=\"qodef-eh-custom-7287\" data-1400-1600=\"0 24%\" data-1025-1399=\"0 23%\" data-769-1024=\"0 18%\" data-681-768=\"0 13%\" data-680=\"0 10%\">\n\t<div class=\"qodef-eh-item-inner\">\n\t\t<div class=\"qodef-eh-item-content qodef-eh-custom-7287\" style=\"padding: 0 31%\">\n\t\t\t<div class=\"qodef-section-title-holder  \" style=\"text-align: center\">\n\t<div class=\"qodef-st-inner\">\n        \t\t\t\t\t<h1 class=\"qodef-st-title\" >\n\t\t\t\tLIT ET PETIT D\u00c9JEUNER\t\t\t<\/h1>\n\t\t        \t\t\t\t\t<p class=\"qodef-st-text\" >\n\t\t\t\tTu veux explorer Tamraght et Taghazout ? Reste avec nous, participe \u00e0 un cours de yoga et d\u00e9tends-toi au bord de notre piscine chauff\u00e9e.\t\t\t<\/p>\n\t\t\t\t\t\t\t<div class=\"qodef-st-button\"><a itemprop=\"url\" href=\"https:\/\/surf-friends-agadir.bookinglayer.com\/fr\/product\/bed-and-breakfast-4-1\" target=\"_self\"  class=\"qodef-btn qodef-btn-medium qodef-btn-outline\"  >        <span class=\"qodef-btn-text\">R\u00e9server maintenant<\/span>        <\/a><\/div>\n\t\t\t<\/div>\n<\/div>[vc_empty_space height=\u00a0\u00bb48px\u00a0\u00bb]\t\t<\/div>\n\t<\/div>\n<\/div><\/div>[\/vc_column][\/vc_row][vc_row row_content_width=\u00a0\u00bbgrid\u00a0\u00bb enable_surfer_icon=\u00a0\u00bbno\u00a0\u00bb simple_background_color=\u00a0\u00bb#000000&Prime; css=\u00a0\u00bb.vc_custom_1673776652418{padding-top: 92px !important;padding-bottom: 66px !important;}\u00a0\u00bb][vc_column][vc_widget_sidebar sidebar_id=\u00a0\u00bbgoogle-review\u00a0\u00bb][\/vc_column][\/vc_row][vc_row row_content_width=\u00a0\u00bbgrid\u00a0\u00bb enable_surfer_icon=\u00a0\u00bbno\u00a0\u00bb simple_background_color=\u00a0\u00bb#fafafa\u00a0\u00bb][vc_column css=\u00a0\u00bb.vc_custom_1580478400077{padding-top: 90px !important;padding-bottom: 90px !important;}\u00a0\u00bb]\n<div class=\"wpcf7 no-js\" id=\"wpcf7-f4482-o1\" lang=\"fr-FR\" dir=\"ltr\" data-wpcf7-id=\"4482\">\n<div class=\"screen-reader-response\"><p role=\"status\" aria-live=\"polite\" aria-atomic=\"true\"><\/p> <ul><\/ul><\/div>\n<form action=\"\/fr\/wp-json\/wp\/v2\/pages\/4441#wpcf7-f4482-o1\" method=\"post\" class=\"wpcf7-form init 28e87a90ce39 cmatic-conn cmatic-aud-1 cmatic-mapd0-0 cmatic-v0978 cmatic-sent-0 cmatic-total-25723\" aria-label=\"Formulaire de contact\" novalidate=\"novalidate\" data-status=\"init\">\n<fieldset class=\"hidden-fields-container\"><input type=\"hidden\" name=\"_wpcf7\" value=\"4482\" \/><input type=\"hidden\" name=\"_wpcf7_version\" value=\"6.1.5\" \/><input type=\"hidden\" name=\"_wpcf7_locale\" value=\"fr_FR\" \/><input type=\"hidden\" name=\"_wpcf7_unit_tag\" value=\"wpcf7-f4482-o1\" \/><input type=\"hidden\" name=\"_wpcf7_container_post\" value=\"0\" \/><input type=\"hidden\" name=\"_wpcf7_posted_data_hash\" value=\"\" \/>\n<\/fieldset>\n<div class=\"qodef-newsletter-simple\">\n\t<div class=\"qodef-newsletter-simple-input\">\n\t\t<p><label><span class=\"wpcf7-form-control-wrap\" data-name=\"your-email\"><input size=\"40\" maxlength=\"400\" class=\"wpcf7-form-control wpcf7-email wpcf7-validates-as-required wpcf7-text wpcf7-validates-as-email\" aria-required=\"true\" aria-invalid=\"false\" placeholder=\"Abonnez-vous \u00e0 la newsletter\" value=\"\" type=\"email\" name=\"your-email\" \/><\/span><\/label>\n\t\t<\/p>\n\t<\/div>\n\t<div class=\"qodef-newsletter-simple-submit\">\n\t\t<p><button class=\"wpcf7-form-control wpcf7-submit qodef-btn qodef-btn-medium qodef-btn-solid qodef-btn-custom-hover-color qodef-btn-custom-hover-bg qodef-btn-custom-border-hover\" type=\"submit\"><span class=\"qodef-btn-text\">S'abonner<\/span><span class=\"qodef-btn-wave-holder\"><\/span><\/button>\n\t\t<\/p>\n\t<\/div>\n<\/div><p style=\"display: none !important;\" class=\"akismet-fields-container\" data-prefix=\"_wpcf7_ak_\"><label>&#916;<textarea name=\"_wpcf7_ak_hp_textarea\" cols=\"45\" rows=\"8\" maxlength=\"100\"><\/textarea><\/label><input type=\"hidden\" id=\"ak_js_1\" name=\"_wpcf7_ak_js\" value=\"59\"\/><script>document.getElementById( \"ak_js_1\" ).setAttribute( \"value\", ( new Date() ).getTime() );<\/script><\/p><div class=\"wpcf7-response-output\" aria-hidden=\"true\"><\/div>\n<\/form>\n<\/div>\n[\/vc_column][\/vc_row]<\/p>\n<\/section>","protected":false},"excerpt":{"rendered":"<p>[vc_row enable_surfer_icon=\u00a0\u00bbno\u00a0\u00bb][vc_column][\/vc_column][\/vc_row][vc_row enable_surfer_icon=\u00a0\u00bbyes\u00a0\u00bb css=\u00a0\u00bb.vc_custom_1671917320918{padding-top: 89px !important;background-position: center !important;background-repeat: no-repeat !important;background-size: cover !important;}\u00a0\u00bb][vc_column][\/vc_column][\/vc_row][vc_row row_content_width=\u00a0\u00bbgrid\u00a0\u00bb enable_surfer_icon=\u00a0\u00bbno\u00a0\u00bb simple_background_color=\u00a0\u00bb#000000&Prime; css=\u00a0\u00bb.vc_custom_1673776652418{padding-top: 92px !important;padding-bottom: 66px !important;}\u00a0\u00bb][vc_column][vc_widget_sidebar sidebar_id=\u00a0\u00bbgoogle-review\u00a0\u00bb][\/vc_column][\/vc_row][vc_row row_content_width=\u00a0\u00bbgrid\u00a0\u00bb enable_surfer_icon=\u00a0\u00bbno\u00a0\u00bb simple_background_color=\u00a0\u00bb#fafafa\u00a0\u00bb][vc_column css=\u00a0\u00bb.vc_custom_1580478400077{padding-top: 90px !important;padding-bottom: 90px !important;}\u00a0\u00bb][\/vc_column][\/vc_row]<\/p>\n","protected":false},"author":1,"featured_media":0,"parent":0,"menu_order":0,"comment_status":"closed","ping_status":"closed","template":"full-width.php","meta":{"footnotes":""},"class_list":["post-4441","page","type-page","status-publish","hentry"],"yoast_head":"<!-- This site is optimized with the Yoast SEO Premium plugin v20.3 (Yoast SEO v27.3) - https:\/\/yoast.com\/product\/yoast-seo-premium-wordpress\/ -->\n<title>Surf And Friends - Lit et petit d\u00e9jeuner<\/title>\n<meta name=\"description\" content=\"D\u00e9couvrez les derni\u00e8res nouvelles du surf, les critiques de mat\u00e9riel et les conseils de voyage. Trouvez l&#039;inspiration pour votre prochain voyage de surf et connectez-vous avec d&#039;autres surfeurs de votre communaut\u00e9.\" \/>\n<meta name=\"robots\" content=\"index, follow, max-snippet:-1, max-image-preview:large, max-video-preview:-1\" \/>\n<link rel=\"canonical\" href=\"https:\/\/surfandfriends.com\/fr\/surf-and-friends-lit-et-petit-dejeuner\/\" \/>\n<meta property=\"og:locale\" content=\"fr_FR\" \/>\n<meta property=\"og:type\" content=\"article\" \/>\n<meta property=\"og:title\" content=\"Surf And Friends - Lit et petit d\u00e9jeuner\" \/>\n<meta property=\"og:description\" content=\"D\u00e9couvrez les derni\u00e8res nouvelles du surf, les critiques de mat\u00e9riel et les conseils de voyage. Trouvez l&#039;inspiration pour votre prochain voyage de surf et connectez-vous avec d&#039;autres surfeurs de votre communaut\u00e9.\" \/>\n<meta property=\"og:url\" content=\"https:\/\/surfandfriends.com\/fr\/surf-and-friends-lit-et-petit-dejeuner\/\" \/>\n<meta property=\"og:site_name\" content=\"Surf And Friends\" \/>\n<meta property=\"article:publisher\" content=\"https:\/\/www.facebook.com\/SurfAndFriendstamraght\" \/>\n<meta property=\"article:modified_time\" content=\"2023-11-02T12:57:46+00:00\" \/>\n<meta property=\"og:image\" content=\"https:\/\/i0.wp.com\/surfandfriends.com\/wp-content\/uploads\/2022\/12\/Surf-and-friends-logo-light.png?fit=2048%2C1636&ssl=1\" \/>\n\t<meta property=\"og:image:width\" content=\"2048\" \/>\n\t<meta property=\"og:image:height\" content=\"1636\" \/>\n\t<meta property=\"og:image:type\" content=\"image\/png\" \/>\n<meta name=\"twitter:card\" content=\"summary_large_image\" \/>\n<meta name=\"twitter:label1\" content=\"Dur\u00e9e de lecture estim\u00e9e\" \/>\n\t<meta name=\"twitter:data1\" content=\"1 minute\" \/>\n<script type=\"application\/ld+json\" class=\"yoast-schema-graph\">{\"@context\":\"https:\\\/\\\/schema.org\",\"@graph\":[{\"@type\":\"WebPage\",\"@id\":\"https:\\\/\\\/surfandfriends.com\\\/fr\\\/surf-and-friends-lit-et-petit-dejeuner\\\/\",\"url\":\"https:\\\/\\\/surfandfriends.com\\\/fr\\\/surf-and-friends-lit-et-petit-dejeuner\\\/\",\"name\":\"Surf And Friends - Lit et petit d\u00e9jeuner\",\"isPartOf\":{\"@id\":\"https:\\\/\\\/surfandfriends.com\\\/fr\\\/#website\"},\"datePublished\":\"2023-01-20T16:02:21+00:00\",\"dateModified\":\"2023-11-02T12:57:46+00:00\",\"description\":\"D\u00e9couvrez les derni\u00e8res nouvelles du surf, les critiques de mat\u00e9riel et les conseils de voyage. Trouvez l'inspiration pour votre prochain voyage de surf et connectez-vous avec d'autres surfeurs de votre communaut\u00e9.\",\"breadcrumb\":{\"@id\":\"https:\\\/\\\/surfandfriends.com\\\/fr\\\/surf-and-friends-lit-et-petit-dejeuner\\\/#breadcrumb\"},\"inLanguage\":\"fr-FR\",\"potentialAction\":[{\"@type\":\"ReadAction\",\"target\":[\"https:\\\/\\\/surfandfriends.com\\\/fr\\\/surf-and-friends-lit-et-petit-dejeuner\\\/\"]}]},{\"@type\":\"BreadcrumbList\",\"@id\":\"https:\\\/\\\/surfandfriends.com\\\/fr\\\/surf-and-friends-lit-et-petit-dejeuner\\\/#breadcrumb\",\"itemListElement\":[{\"@type\":\"ListItem\",\"position\":1,\"name\":\"Home\",\"item\":\"https:\\\/\\\/surfandfriends.com\\\/fr\\\/\"},{\"@type\":\"ListItem\",\"position\":2,\"name\":\"Surf And Friends &#8211; Lit et petit d\u00e9jeuner\"}]},{\"@type\":\"WebSite\",\"@id\":\"https:\\\/\\\/surfandfriends.com\\\/fr\\\/#website\",\"url\":\"https:\\\/\\\/surfandfriends.com\\\/fr\\\/\",\"name\":\"Surf And Friends\",\"description\":\"Ne surfez pas seul, mais avec des amis\",\"publisher\":{\"@id\":\"https:\\\/\\\/surfandfriends.com\\\/fr\\\/#organization\"},\"potentialAction\":[{\"@type\":\"SearchAction\",\"target\":{\"@type\":\"EntryPoint\",\"urlTemplate\":\"https:\\\/\\\/surfandfriends.com\\\/fr\\\/?s={search_term_string}\"},\"query-input\":{\"@type\":\"PropertyValueSpecification\",\"valueRequired\":true,\"valueName\":\"search_term_string\"}}],\"inLanguage\":\"fr-FR\"},{\"@type\":\"Organization\",\"@id\":\"https:\\\/\\\/surfandfriends.com\\\/fr\\\/#organization\",\"name\":\"Surf And Friends\",\"alternateName\":\"Surf And Friends\",\"url\":\"https:\\\/\\\/surfandfriends.com\\\/fr\\\/\",\"logo\":{\"@type\":\"ImageObject\",\"inLanguage\":\"fr-FR\",\"@id\":\"https:\\\/\\\/surfandfriends.com\\\/fr\\\/#\\\/schema\\\/logo\\\/image\\\/\",\"url\":\"https:\\\/\\\/i0.wp.com\\\/surfandfriends.com\\\/wp-content\\\/uploads\\\/2022\\\/12\\\/Surf-and-friends-logo-light.png?fit=2048%2C1636&ssl=1\",\"contentUrl\":\"https:\\\/\\\/i0.wp.com\\\/surfandfriends.com\\\/wp-content\\\/uploads\\\/2022\\\/12\\\/Surf-and-friends-logo-light.png?fit=2048%2C1636&ssl=1\",\"width\":2048,\"height\":1636,\"caption\":\"Surf And Friends\"},\"image\":{\"@id\":\"https:\\\/\\\/surfandfriends.com\\\/fr\\\/#\\\/schema\\\/logo\\\/image\\\/\"},\"sameAs\":[\"https:\\\/\\\/www.facebook.com\\\/SurfAndFriendstamraght\",\"https:\\\/\\\/instagram.com\\\/surfandfriends\"]}]}<\/script>\n<!-- \/ Yoast SEO Premium plugin. -->","yoast_head_json":{"title":"Surf And Friends - Lit et petit d\u00e9jeuner","description":"D\u00e9couvrez les derni\u00e8res nouvelles du surf, les critiques de mat\u00e9riel et les conseils de voyage. Trouvez l'inspiration pour votre prochain voyage de surf et connectez-vous avec d'autres surfeurs de votre communaut\u00e9.","robots":{"index":"index","follow":"follow","max-snippet":"max-snippet:-1","max-image-preview":"max-image-preview:large","max-video-preview":"max-video-preview:-1"},"canonical":"https:\/\/surfandfriends.com\/fr\/surf-and-friends-lit-et-petit-dejeuner\/","og_locale":"fr_FR","og_type":"article","og_title":"Surf And Friends - Lit et petit d\u00e9jeuner","og_description":"D\u00e9couvrez les derni\u00e8res nouvelles du surf, les critiques de mat\u00e9riel et les conseils de voyage. Trouvez l'inspiration pour votre prochain voyage de surf et connectez-vous avec d'autres surfeurs de votre communaut\u00e9.","og_url":"https:\/\/surfandfriends.com\/fr\/surf-and-friends-lit-et-petit-dejeuner\/","og_site_name":"Surf And Friends","article_publisher":"https:\/\/www.facebook.com\/SurfAndFriendstamraght","article_modified_time":"2023-11-02T12:57:46+00:00","og_image":[{"width":2048,"height":1636,"url":"https:\/\/i0.wp.com\/surfandfriends.com\/wp-content\/uploads\/2022\/12\/Surf-and-friends-logo-light.png?fit=2048%2C1636&ssl=1","type":"image\/png"}],"twitter_card":"summary_large_image","twitter_misc":{"Dur\u00e9e de lecture estim\u00e9e":"1 minute"},"schema":{"@context":"https:\/\/schema.org","@graph":[{"@type":"WebPage","@id":"https:\/\/surfandfriends.com\/fr\/surf-and-friends-lit-et-petit-dejeuner\/","url":"https:\/\/surfandfriends.com\/fr\/surf-and-friends-lit-et-petit-dejeuner\/","name":"Surf And Friends - Lit et petit d\u00e9jeuner","isPartOf":{"@id":"https:\/\/surfandfriends.com\/fr\/#website"},"datePublished":"2023-01-20T16:02:21+00:00","dateModified":"2023-11-02T12:57:46+00:00","description":"D\u00e9couvrez les derni\u00e8res nouvelles du surf, les critiques de mat\u00e9riel et les conseils de voyage. Trouvez l'inspiration pour votre prochain voyage de surf et connectez-vous avec d'autres surfeurs de votre communaut\u00e9.","breadcrumb":{"@id":"https:\/\/surfandfriends.com\/fr\/surf-and-friends-lit-et-petit-dejeuner\/#breadcrumb"},"inLanguage":"fr-FR","potentialAction":[{"@type":"ReadAction","target":["https:\/\/surfandfriends.com\/fr\/surf-and-friends-lit-et-petit-dejeuner\/"]}]},{"@type":"BreadcrumbList","@id":"https:\/\/surfandfriends.com\/fr\/surf-and-friends-lit-et-petit-dejeuner\/#breadcrumb","itemListElement":[{"@type":"ListItem","position":1,"name":"Home","item":"https:\/\/surfandfriends.com\/fr\/"},{"@type":"ListItem","position":2,"name":"Surf And Friends &#8211; Lit et petit d\u00e9jeuner"}]},{"@type":"WebSite","@id":"https:\/\/surfandfriends.com\/fr\/#website","url":"https:\/\/surfandfriends.com\/fr\/","name":"Surf And Friends","description":"Ne surfez pas seul, mais avec des amis","publisher":{"@id":"https:\/\/surfandfriends.com\/fr\/#organization"},"potentialAction":[{"@type":"SearchAction","target":{"@type":"EntryPoint","urlTemplate":"https:\/\/surfandfriends.com\/fr\/?s={search_term_string}"},"query-input":{"@type":"PropertyValueSpecification","valueRequired":true,"valueName":"search_term_string"}}],"inLanguage":"fr-FR"},{"@type":"Organization","@id":"https:\/\/surfandfriends.com\/fr\/#organization","name":"Surf And Friends","alternateName":"Surf And Friends","url":"https:\/\/surfandfriends.com\/fr\/","logo":{"@type":"ImageObject","inLanguage":"fr-FR","@id":"https:\/\/surfandfriends.com\/fr\/#\/schema\/logo\/image\/","url":"https:\/\/i0.wp.com\/surfandfriends.com\/wp-content\/uploads\/2022\/12\/Surf-and-friends-logo-light.png?fit=2048%2C1636&ssl=1","contentUrl":"https:\/\/i0.wp.com\/surfandfriends.com\/wp-content\/uploads\/2022\/12\/Surf-and-friends-logo-light.png?fit=2048%2C1636&ssl=1","width":2048,"height":1636,"caption":"Surf And Friends"},"image":{"@id":"https:\/\/surfandfriends.com\/fr\/#\/schema\/logo\/image\/"},"sameAs":["https:\/\/www.facebook.com\/SurfAndFriendstamraght","https:\/\/instagram.com\/surfandfriends"]}]}},"jetpack_sharing_enabled":true,"_links":{"self":[{"href":"https:\/\/surfandfriends.com\/fr\/wp-json\/wp\/v2\/pages\/4441","targetHints":{"allow":["GET"]}}],"collection":[{"href":"https:\/\/surfandfriends.com\/fr\/wp-json\/wp\/v2\/pages"}],"about":[{"href":"https:\/\/surfandfriends.com\/fr\/wp-json\/wp\/v2\/types\/page"}],"author":[{"embeddable":true,"href":"https:\/\/surfandfriends.com\/fr\/wp-json\/wp\/v2\/users\/1"}],"replies":[{"embeddable":true,"href":"https:\/\/surfandfriends.com\/fr\/wp-json\/wp\/v2\/comments?post=4441"}],"version-history":[{"count":1,"href":"https:\/\/surfandfriends.com\/fr\/wp-json\/wp\/v2\/pages\/4441\/revisions"}],"predecessor-version":[{"id":5116,"href":"https:\/\/surfandfriends.com\/fr\/wp-json\/wp\/v2\/pages\/4441\/revisions\/5116"}],"wp:attachment":[{"href":"https:\/\/surfandfriends.com\/fr\/wp-json\/wp\/v2\/media?parent=4441"}],"curies":[{"name":"wp","href":"https:\/\/api.w.org\/{rel}","templated":true}]}}